{"id":4194,"date":"2024-10-15T10:13:30","date_gmt":"2024-10-15T08:13:30","guid":{"rendered":"https:\/\/remainproject.eu\/?page_id=4194"},"modified":"2024-12-20T14:24:35","modified_gmt":"2024-12-20T12:24:35","slug":"directrices-tecnicas","status":"publish","type":"page","link":"https:\/\/remainproject.eu\/es\/directrices-tecnicas\/","title":{"rendered":"Directrices t\u00e9cnicas"},"content":{"rendered":"\t\t<div data-elementor-type=\"wp-page\" data-elementor-id=\"4194\" class=\"elementor elementor-4194\">\n\t\t\t\t\t\t\t\t\t<section class=\"elementor-section elementor-top-section elementor-element elementor-element-50d1f44 elementor-section-full_width elementor-section-stretched elementor-section-height-default elementor-section-height-default\" data-id=\"50d1f44\" data-element_type=\"section\" data-settings=\"{&quot;stretch_section&quot;:&quot;section-stretched&quot;,&quot;background_background&quot;:&quot;classic&quot;}\">\n\t\t\t\t\t\t\t<div class=\"elementor-background-overlay\"><\/div>\n\t\t\t\t\t\t\t<div class=\"elementor-container elementor-column-gap-no\">\n\t\t\t\t\t<div class=\"elementor-column elementor-col-100 elementor-top-column elementor-element elementor-element-53a58c1\" data-id=\"53a58c1\" data-element_type=\"column\">\n\t\t\t<div class=\"elementor-widget-wrap elementor-element-populated\">\n\t\t\t\t\t\t\t\t<div class=\"elementor-element elementor-element-38267be elementor-widget elementor-widget-heading\" data-id=\"38267be\" data-element_type=\"widget\" data-widget_type=\"heading.default\">\n\t\t\t\t<div class=\"elementor-widget-container\">\n\t\t\t<style>\/*! elementor - v3.13.3 - 28-05-2023 *\/\n.elementor-heading-title{padding:0;margin:0;line-height:1}.elementor-widget-heading .elementor-heading-title[class*=elementor-size-]>a{color:inherit;font-size:inherit;line-height:inherit}.elementor-widget-heading .elementor-heading-title.elementor-size-small{font-size:15px}.elementor-widget-heading .elementor-heading-title.elementor-size-medium{font-size:19px}.elementor-widget-heading .elementor-heading-title.elementor-size-large{font-size:29px}.elementor-widget-heading .elementor-heading-title.elementor-size-xl{font-size:39px}.elementor-widget-heading .elementor-heading-title.elementor-size-xxl{font-size:59px}<\/style><h1 class=\"elementor-heading-title elementor-size-default\">DIRECTRICES T\u00c9CNICAS<\/h1>\t\t<\/div>\n\t\t\t\t<\/div>\n\t\t\t\t<div class=\"elementor-element elementor-element-a4c31da elementor-align-left elementor-widget elementor-widget-button\" data-id=\"a4c31da\" data-element_type=\"widget\" data-widget_type=\"button.default\">\n\t\t\t\t<div class=\"elementor-widget-container\">\n\t\t\t\t\t<div class=\"elementor-button-wrapper\">\n\t\t\t<a href=\"\/\" class=\"elementor-button-link elementor-button elementor-size-md\" role=\"button\">\n\t\t\t\t\t\t<span class=\"elementor-button-content-wrapper\">\n\t\t\t\t\t\t<span class=\"elementor-button-text\">VIEW PROJECT<\/span>\n\t\t<\/span>\n\t\t\t\t\t<\/a>\n\t\t<\/div>\n\t\t\t\t<\/div>\n\t\t\t\t<\/div>\n\t\t\t\t\t<\/div>\n\t\t<\/div>\n\t\t\t\t\t\t\t<\/div>\n\t\t<\/section>\n\t\t\t\t<section class=\"elementor-section elementor-top-section elementor-element elementor-element-8e3fe5c elementor-section-full_width elementor-section-stretched elementor-section-height-default elementor-section-height-default\" data-id=\"8e3fe5c\" data-element_type=\"section\" data-settings=\"{&quot;stretch_section&quot;:&quot;section-stretched&quot;,&quot;background_background&quot;:&quot;classic&quot;}\">\n\t\t\t\t\t\t<div class=\"elementor-container elementor-column-gap-no\">\n\t\t\t\t\t<div class=\"elementor-column elementor-col-100 elementor-top-column elementor-element elementor-element-386d621\" data-id=\"386d621\" data-element_type=\"column\">\n\t\t\t<div class=\"elementor-widget-wrap elementor-element-populated\">\n\t\t\t\t\t\t\t\t<section class=\"elementor-section elementor-inner-section elementor-element elementor-element-8e74f3d elementor-section-boxed elementor-section-height-default elementor-section-height-default\" data-id=\"8e74f3d\" data-element_type=\"section\">\n\t\t\t\t\t\t<div class=\"elementor-container elementor-column-gap-default\">\n\t\t\t\t\t<div class=\"elementor-column elementor-col-50 elementor-inner-column elementor-element elementor-element-d4426e9\" data-id=\"d4426e9\" data-element_type=\"column\">\n\t\t\t<div class=\"elementor-widget-wrap elementor-element-populated\">\n\t\t\t\t\t\t\t\t<div class=\"elementor-element elementor-element-5ff84cd elementor-widget elementor-widget-image\" data-id=\"5ff84cd\" data-element_type=\"widget\" data-widget_type=\"image.default\">\n\t\t\t\t<div class=\"elementor-widget-container\">\n\t\t\t<style>\/*! elementor - v3.13.3 - 28-05-2023 *\/\n.elementor-widget-image{text-align:center}.elementor-widget-image a{display:inline-block}.elementor-widget-image a img[src$=\".svg\"]{width:48px}.elementor-widget-image img{vertical-align:middle;display:inline-block}<\/style>\t\t\t\t\t\t\t\t\t\t\t\t<img loading=\"lazy\" decoding=\"async\" width=\"724\" height=\"1024\" src=\"https:\/\/remainproject.eu\/wp-content\/uploads\/2024\/12\/PR3_technical-guidelines_es_compressed_page-0001-724x1024.jpg\" class=\"attachment-large size-large wp-image-5118\" alt=\"\" srcset=\"https:\/\/remainproject.eu\/wp-content\/uploads\/2024\/12\/PR3_technical-guidelines_es_compressed_page-0001-724x1024.jpg 724w, https:\/\/remainproject.eu\/wp-content\/uploads\/2024\/12\/PR3_technical-guidelines_es_compressed_page-0001-212x300.jpg 212w, https:\/\/remainproject.eu\/wp-content\/uploads\/2024\/12\/PR3_technical-guidelines_es_compressed_page-0001-768x1086.jpg 768w, https:\/\/remainproject.eu\/wp-content\/uploads\/2024\/12\/PR3_technical-guidelines_es_compressed_page-0001-1086x1536.jpg 1086w, https:\/\/remainproject.eu\/wp-content\/uploads\/2024\/12\/PR3_technical-guidelines_es_compressed_page-0001.jpg 1241w\" sizes=\"auto, (max-width: 724px) 100vw, 724px\" \/>\t\t\t\t\t\t\t\t\t\t\t\t\t\t\t<\/div>\n\t\t\t\t<\/div>\n\t\t\t\t<div class=\"elementor-element elementor-element-33571f4 elementor-widget elementor-widget-button\" data-id=\"33571f4\" data-element_type=\"widget\" data-widget_type=\"button.default\">\n\t\t\t\t<div class=\"elementor-widget-container\">\n\t\t\t\t\t<div class=\"elementor-button-wrapper\">\n\t\t\t<a href=\"http:\/\/remainproject.eu\/wp-content\/uploads\/2024\/12\/PR3_technical-guidelines_es_compressed.pdf\" class=\"elementor-button-link elementor-button elementor-size-sm\" role=\"button\">\n\t\t\t\t\t\t<span class=\"elementor-button-content-wrapper\">\n\t\t\t\t\t\t<span class=\"elementor-button-text\">Aqu\u00ed para descargar<\/span>\n\t\t<\/span>\n\t\t\t\t\t<\/a>\n\t\t<\/div>\n\t\t\t\t<\/div>\n\t\t\t\t<\/div>\n\t\t\t\t\t<\/div>\n\t\t<\/div>\n\t\t\t\t<div class=\"elementor-column elementor-col-50 elementor-inner-column elementor-element elementor-element-6b316bd\" data-id=\"6b316bd\" data-element_type=\"column\">\n\t\t\t<div class=\"elementor-widget-wrap elementor-element-populated\">\n\t\t\t\t\t\t\t\t<div class=\"elementor-element elementor-element-1fecfb4 elementor-widget elementor-widget-text-editor\" data-id=\"1fecfb4\" data-element_type=\"widget\" data-widget_type=\"text-editor.default\">\n\t\t\t\t<div class=\"elementor-widget-container\">\n\t\t\t<style>\/*! elementor - v3.13.3 - 28-05-2023 *\/\n.elementor-widget-text-editor.elementor-drop-cap-view-stacked .elementor-drop-cap{background-color:#69727d;color:#fff}.elementor-widget-text-editor.elementor-drop-cap-view-framed .elementor-drop-cap{color:#69727d;border:3px solid;background-color:transparent}.elementor-widget-text-editor:not(.elementor-drop-cap-view-default) .elementor-drop-cap{margin-top:8px}.elementor-widget-text-editor:not(.elementor-drop-cap-view-default) .elementor-drop-cap-letter{width:1em;height:1em}.elementor-widget-text-editor .elementor-drop-cap{float:left;text-align:center;line-height:1;font-size:50px}.elementor-widget-text-editor .elementor-drop-cap-letter{display:inline-block}<\/style>\t\t\t\t<p>Para que el conjunto de recursos de aprendizaje desarrollados en el Programa Formativo Trasnacional pueda utilizarse y optimizarse adecuadamente, es necesario que cuente con el apoyo de directrices t\u00e9cnicas para los educadores.<br>\n<br><br><br>\nEste documento tiene, por tanto, una funci\u00f3n de apoyo metodol\u00f3gico y funciona como un manual para ayudar a los educadores\/profesores a utilizar correctamente los contenidos formativos y las herramientas desarrolladas. Tambi\u00e9n pretende servir de hoja de ruta para facilitar la r\u00e9plica de esta iniciativa por parte de otras entidades ajenas al \u00e1mbito del proyecto una vez finalizado \u00e9ste, de modo que se cubran todos los aspectos necesarios para impartir con \u00e9xito la formaci\u00f3n.<br>\n<br><br><br>\nLas directrices proporcionadas pretenden apoyar la impartici\u00f3n eficaz de la formaci\u00f3n, facilitar su reproducci\u00f3n, orientar las etapas de formaci\u00f3n y promover la transferencia de conocimientos dentro del proyecto.<br>\n<br><br><br>\nEl documento se divide en dos partes:<br>\n<br><br><\/p>\n<ul>\n<li><b>Directrices t\u00e9cnicas:<\/b>  Proporciona informaci\u00f3n detallada sobre los objetivos de aprendizaje, los resultados, los grupos destinatarios y la estructura general de la formaci\u00f3n para cada m\u00f3dulo.<\/li>\n<li><b>Programa:<\/b>  Dise\u00f1ado para alumnos y estudiantes, presenta el contenido del programa y los resultados del aprendizaje en un formato f\u00e1cil de utilizar.<\/li>\n<\/ul>\n<p>En general, las directrices proporcionan una base s\u00f3lida para impartir un programa de formaci\u00f3n sobre mantenimiento remoto y adquisici\u00f3n de datos a distancia completo y eficaz.<\/p>\t\t\t\t\t\t<\/div>\n\t\t\t\t<\/div>\n\t\t\t\t\t<\/div>\n\t\t<\/div>\n\t\t\t\t\t\t\t<\/div>\n\t\t<\/section>\n\t\t\t\t\t<\/div>\n\t\t<\/div>\n\t\t\t\t\t\t\t<\/div>\n\t\t<\/section>\n\t\t\t\t<section class=\"elementor-section elementor-top-section elementor-element elementor-element-fbd8c09 elementor-section-full_width elementor-section-stretched elementor-section-height-default elementor-section-height-default\" data-id=\"fbd8c09\" data-element_type=\"section\" data-settings=\"{&quot;stretch_section&quot;:&quot;section-stretched&quot;,&quot;background_background&quot;:&quot;classic&quot;}\">\n\t\t\t\t\t\t\t<div class=\"elementor-background-overlay\"><\/div>\n\t\t\t\t\t\t\t<div class=\"elementor-container elementor-column-gap-no\">\n\t\t\t\t\t<div class=\"elementor-column elementor-col-50 elementor-top-column elementor-element elementor-element-f1ad3a3\" data-id=\"f1ad3a3\" data-element_type=\"column\">\n\t\t\t<div class=\"elementor-widget-wrap elementor-element-populated\">\n\t\t\t\t\t\t\t\t<div class=\"elementor-element elementor-element-745318f elementor-widget elementor-widget-heading\" data-id=\"745318f\" data-element_type=\"widget\" data-widget_type=\"heading.default\">\n\t\t\t\t<div class=\"elementor-widget-container\">\n\t\t\t<h2 class=\"elementor-heading-title elementor-size-default\">Get informed<\/h2>\t\t<\/div>\n\t\t\t\t<\/div>\n\t\t\t\t<div class=\"elementor-element elementor-element-64e7838 elementor-widget elementor-widget-text-editor\" data-id=\"64e7838\" data-element_type=\"widget\" data-widget_type=\"text-editor.default\">\n\t\t\t\t<div class=\"elementor-widget-container\">\n\t\t\t\t\t\t\t<p>For any questions about this project financed by the European Union, do not hesitate to contact us.<\/p>\t\t\t\t\t\t<\/div>\n\t\t\t\t<\/div>\n\t\t\t\t\t<\/div>\n\t\t<\/div>\n\t\t\t\t<div class=\"elementor-column elementor-col-50 elementor-top-column elementor-element elementor-element-149f345\" data-id=\"149f345\" data-element_type=\"column\">\n\t\t\t<div class=\"elementor-widget-wrap elementor-element-populated\">\n\t\t\t\t\t\t\t\t<div class=\"elementor-element elementor-element-b948f06 elementor-align-center elementor-widget elementor-widget-button\" data-id=\"b948f06\" data-element_type=\"widget\" data-widget_type=\"button.default\">\n\t\t\t\t<div class=\"elementor-widget-container\">\n\t\t\t\t\t<div class=\"elementor-button-wrapper\">\n\t\t\t<a href=\"\/contact-%20us\" class=\"elementor-button-link elementor-button elementor-size-md\" role=\"button\">\n\t\t\t\t\t\t<span class=\"elementor-button-content-wrapper\">\n\t\t\t\t\t\t<span class=\"elementor-button-text\">CONTACT TO US FOR MORE INFORMATION<\/span>\n\t\t<\/span>\n\t\t\t\t\t<\/a>\n\t\t<\/div>\n\t\t\t\t<\/div>\n\t\t\t\t<\/div>\n\t\t\t\t\t<\/div>\n\t\t<\/div>\n\t\t\t\t\t\t\t<\/div>\n\t\t<\/section>\n\t\t\t\t<section class=\"elementor-section elementor-top-section elementor-element elementor-element-76c81998 elementor-section-full_width elementor-section-stretched elementor-section-height-default elementor-section-height-default\" data-id=\"76c81998\" data-element_type=\"section\" data-settings=\"{&quot;stretch_section&quot;:&quot;section-stretched&quot;,&quot;background_background&quot;:&quot;classic&quot;}\">\n\t\t\t\t\t\t<div class=\"elementor-container elementor-column-gap-default\">\n\t\t\t\t\t<div class=\"elementor-column elementor-col-100 elementor-top-column elementor-element elementor-element-6ba929ad\" data-id=\"6ba929ad\" data-element_type=\"column\">\n\t\t\t<div class=\"elementor-widget-wrap elementor-element-populated\">\n\t\t\t\t\t\t\t\t<div class=\"elementor-element elementor-element-6e96c46 elementor-widget__width-initial elementor-widget elementor-widget-image\" data-id=\"6e96c46\" data-element_type=\"widget\" data-widget_type=\"image.default\">\n\t\t\t\t<div class=\"elementor-widget-container\">\n\t\t\t\t\t\t\t\t\t\t\t\t\t\t\t<img loading=\"lazy\" decoding=\"async\" width=\"300\" height=\"130\" src=\"https:\/\/remainproject.eu\/wp-content\/uploads\/2022\/11\/cropped-logo-300x130.webp\" class=\"attachment-medium size-medium wp-image-2349\" alt=\"\" srcset=\"https:\/\/remainproject.eu\/wp-content\/uploads\/2022\/11\/cropped-logo-300x130.webp 300w, https:\/\/remainproject.eu\/wp-content\/uploads\/2022\/11\/cropped-logo.webp 460w\" sizes=\"auto, (max-width: 300px) 100vw, 300px\" \/>\t\t\t\t\t\t\t\t\t\t\t\t\t\t\t<\/div>\n\t\t\t\t<\/div>\n\t\t\t\t<div class=\"elementor-element elementor-element-51b76030 elementor-widget__width-initial elementor-widget elementor-widget-text-editor\" data-id=\"51b76030\" data-element_type=\"widget\" data-widget_type=\"text-editor.default\">\n\t\t\t\t<div class=\"elementor-widget-container\">\n\t\t\t\t\t\t\t<p>Remain is co-funded by the Erasmus+ Programme of the European Union..<\/p><p>The views expressed in the working papers, deliverables and reports are those of the project consortium partners. These views have not been adopted or approved by the Commission and should not be relied upon as a statement of the Commission\u2019s or its services\u2019 views.<\/p><p>The European Commission does not guarantee the accuracy of the data included in the working papers and reports, nor does it accept responsibility for any use made thereof.<\/p>\t\t\t\t\t\t<\/div>\n\t\t\t\t<\/div>\n\t\t\t\t<div class=\"elementor-element elementor-element-71234c34 elementor-widget-divider--view-line elementor-widget elementor-widget-divider\" data-id=\"71234c34\" data-element_type=\"widget\" data-widget_type=\"divider.default\">\n\t\t\t\t<div class=\"elementor-widget-container\">\n\t\t\t<style>\/*! elementor - v3.13.3 - 28-05-2023 *\/\n.elementor-widget-divider{--divider-border-style:none;--divider-border-width:1px;--divider-color:#0c0d0e;--divider-icon-size:20px;--divider-element-spacing:10px;--divider-pattern-height:24px;--divider-pattern-size:20px;--divider-pattern-url:none;--divider-pattern-repeat:repeat-x}.elementor-widget-divider .elementor-divider{display:flex}.elementor-widget-divider .elementor-divider__text{font-size:15px;line-height:1;max-width:95%}.elementor-widget-divider .elementor-divider__element{margin:0 var(--divider-element-spacing);flex-shrink:0}.elementor-widget-divider .elementor-icon{font-size:var(--divider-icon-size)}.elementor-widget-divider .elementor-divider-separator{display:flex;margin:0;direction:ltr}.elementor-widget-divider--view-line_icon .elementor-divider-separator,.elementor-widget-divider--view-line_text .elementor-divider-separator{align-items:center}.elementor-widget-divider--view-line_icon .elementor-divider-separator:after,.elementor-widget-divider--view-line_icon .elementor-divider-separator:before,.elementor-widget-divider--view-line_text .elementor-divider-separator:after,.elementor-widget-divider--view-line_text .elementor-divider-separator:before{display:block;content:\"\";border-bottom:0;flex-grow:1;border-top:var(--divider-border-width) var(--divider-border-style) var(--divider-color)}.elementor-widget-divider--element-align-left .elementor-divider .elementor-divider-separator>.elementor-divider__svg:first-of-type{flex-grow:0;flex-shrink:100}.elementor-widget-divider--element-align-left .elementor-divider-separator:before{content:none}.elementor-widget-divider--element-align-left .elementor-divider__element{margin-left:0}.elementor-widget-divider--element-align-right .elementor-divider .elementor-divider-separator>.elementor-divider__svg:last-of-type{flex-grow:0;flex-shrink:100}.elementor-widget-divider--element-align-right .elementor-divider-separator:after{content:none}.elementor-widget-divider--element-align-right .elementor-divider__element{margin-right:0}.elementor-widget-divider:not(.elementor-widget-divider--view-line_text):not(.elementor-widget-divider--view-line_icon) .elementor-divider-separator{border-top:var(--divider-border-width) var(--divider-border-style) var(--divider-color)}.elementor-widget-divider--separator-type-pattern{--divider-border-style:none}.elementor-widget-divider--separator-type-pattern.elementor-widget-divider--view-line .elementor-divider-separator,.elementor-widget-divider--separator-type-pattern:not(.elementor-widget-divider--view-line) .elementor-divider-separator:after,.elementor-widget-divider--separator-type-pattern:not(.elementor-widget-divider--view-line) .elementor-divider-separator:before,.elementor-widget-divider--separator-type-pattern:not([class*=elementor-widget-divider--view]) .elementor-divider-separator{width:100%;min-height:var(--divider-pattern-height);-webkit-mask-size:var(--divider-pattern-size) 100%;mask-size:var(--divider-pattern-size) 100%;-webkit-mask-repeat:var(--divider-pattern-repeat);mask-repeat:var(--divider-pattern-repeat);background-color:var(--divider-color);-webkit-mask-image:var(--divider-pattern-url);mask-image:var(--divider-pattern-url)}.elementor-widget-divider--no-spacing{--divider-pattern-size:auto}.elementor-widget-divider--bg-round{--divider-pattern-repeat:round}.rtl .elementor-widget-divider .elementor-divider__text{direction:rtl}.e-con-inner>.elementor-widget-divider,.e-con>.elementor-widget-divider{width:var(--container-widget-width,100%);--flex-grow:var(--container-widget-flex-grow)}<\/style>\t\t<div class=\"elementor-divider\">\n\t\t\t<span class=\"elementor-divider-separator\">\n\t\t\t\t\t\t<\/span>\n\t\t<\/div>\n\t\t\t\t<\/div>\n\t\t\t\t<\/div>\n\t\t\t\t\t<\/div>\n\t\t<\/div>\n\t\t\t\t\t\t\t<\/div>\n\t\t<\/section>\n\t\t\t\t\t\t\t<\/div>\n\t\t","protected":false},"excerpt":{"rendered":"<p>DIRECTRICES T\u00c9CNICAS VIEW PROJECT Aqu\u00ed para descargar Para que el conjunto de recursos de aprendizaje desarrollados en el Programa Formativo Trasnacional pueda utilizarse y optimizarse adecuadamente, es necesario que cuente con el apoyo de directrices t\u00e9cnicas para los educadores. Este documento tiene, por tanto, una funci\u00f3n de apoyo metodol\u00f3gico y funciona como un manual para &#8230; <a title=\"Directrices t\u00e9cnicas\" class=\"read-more\" href=\"https:\/\/remainproject.eu\/es\/directrices-tecnicas\/\" aria-label=\"M\u00e1s en Directrices t\u00e9cnicas\">Read More<\/a><\/p>\n","protected":false},"author":1,"featured_media":0,"parent":0,"menu_order":0,"comment_status":"closed","ping_status":"closed","template":"elementor_header_footer","meta":{"footnotes":""},"class_list":["post-4194","page","type-page","status-publish"],"yoast_head":"<!-- This site is optimized with the Yoast SEO plugin v20.8 - https:\/\/yoast.com\/wordpress\/plugins\/seo\/ -->\n<title>Directrices t\u00e9cnicas - Remain<\/title>\n<meta name=\"robots\" content=\"index, follow, max-snippet:-1, max-image-preview:large, max-video-preview:-1\" \/>\n<link rel=\"canonical\" href=\"https:\/\/remainproject.eu\/es\/directrices-tecnicas\/\" \/>\n<meta property=\"og:locale\" content=\"es_ES\" \/>\n<meta property=\"og:type\" content=\"article\" \/>\n<meta property=\"og:title\" content=\"Directrices t\u00e9cnicas - Remain\" \/>\n<meta property=\"og:description\" content=\"DIRECTRICES T\u00c9CNICAS VIEW PROJECT Aqu\u00ed para descargar Para que el conjunto de recursos de aprendizaje desarrollados en el Programa Formativo Trasnacional pueda utilizarse y optimizarse adecuadamente, es necesario que cuente con el apoyo de directrices t\u00e9cnicas para los educadores. Este documento tiene, por tanto, una funci\u00f3n de apoyo metodol\u00f3gico y funciona como un manual para ... Read More\" \/>\n<meta property=\"og:url\" content=\"https:\/\/remainproject.eu\/es\/directrices-tecnicas\/\" \/>\n<meta property=\"og:site_name\" content=\"Remain\" \/>\n<meta property=\"article:modified_time\" content=\"2024-12-20T12:24:35+00:00\" \/>\n<meta property=\"og:image\" content=\"http:\/\/remainproject.eu\/wp-content\/uploads\/2024\/12\/PR3_technical-guidelines_es_compressed_page-0001-724x1024.jpg\" \/>\n<meta name=\"twitter:card\" content=\"summary_large_image\" \/>\n<meta name=\"twitter:label1\" content=\"Tiempo de lectura\" \/>\n\t<meta name=\"twitter:data1\" content=\"2 minutos\" \/>\n<script type=\"application\/ld+json\" class=\"yoast-schema-graph\">{\"@context\":\"https:\/\/schema.org\",\"@graph\":[{\"@type\":\"WebPage\",\"@id\":\"https:\/\/remainproject.eu\/es\/directrices-tecnicas\/\",\"url\":\"https:\/\/remainproject.eu\/es\/directrices-tecnicas\/\",\"name\":\"Directrices t\u00e9cnicas - Remain\",\"isPartOf\":{\"@id\":\"https:\/\/remainproject.eu\/es\/#website\"},\"datePublished\":\"2024-10-15T08:13:30+00:00\",\"dateModified\":\"2024-12-20T12:24:35+00:00\",\"breadcrumb\":{\"@id\":\"https:\/\/remainproject.eu\/es\/directrices-tecnicas\/#breadcrumb\"},\"inLanguage\":\"es\",\"potentialAction\":[{\"@type\":\"ReadAction\",\"target\":[\"https:\/\/remainproject.eu\/es\/directrices-tecnicas\/\"]}]},{\"@type\":\"BreadcrumbList\",\"@id\":\"https:\/\/remainproject.eu\/es\/directrices-tecnicas\/#breadcrumb\",\"itemListElement\":[{\"@type\":\"ListItem\",\"position\":1,\"name\":\"Portada\",\"item\":\"https:\/\/remainproject.eu\/es\/\"},{\"@type\":\"ListItem\",\"position\":2,\"name\":\"Directrices t\u00e9cnicas\"}]},{\"@type\":\"WebSite\",\"@id\":\"https:\/\/remainproject.eu\/es\/#website\",\"url\":\"https:\/\/remainproject.eu\/es\/\",\"name\":\"Remain\",\"description\":\"Project\",\"publisher\":{\"@id\":\"https:\/\/remainproject.eu\/es\/#organization\"},\"potentialAction\":[{\"@type\":\"SearchAction\",\"target\":{\"@type\":\"EntryPoint\",\"urlTemplate\":\"https:\/\/remainproject.eu\/es\/?s={search_term_string}\"},\"query-input\":\"required name=search_term_string\"}],\"inLanguage\":\"es\"},{\"@type\":\"Organization\",\"@id\":\"https:\/\/remainproject.eu\/es\/#organization\",\"name\":\"Remain\",\"url\":\"https:\/\/remainproject.eu\/es\/\",\"logo\":{\"@type\":\"ImageObject\",\"inLanguage\":\"es\",\"@id\":\"https:\/\/remainproject.eu\/es\/#\/schema\/logo\/image\/\",\"url\":\"https:\/\/remainproject.eu\/wp-content\/uploads\/2022\/11\/cropped-logo.webp\",\"contentUrl\":\"https:\/\/remainproject.eu\/wp-content\/uploads\/2022\/11\/cropped-logo.webp\",\"width\":460,\"height\":200,\"caption\":\"Remain\"},\"image\":{\"@id\":\"https:\/\/remainproject.eu\/es\/#\/schema\/logo\/image\/\"}}]}<\/script>\n<!-- \/ Yoast SEO plugin. -->","yoast_head_json":{"title":"Directrices t\u00e9cnicas - Remain","robots":{"index":"index","follow":"follow","max-snippet":"max-snippet:-1","max-image-preview":"max-image-preview:large","max-video-preview":"max-video-preview:-1"},"canonical":"https:\/\/remainproject.eu\/es\/directrices-tecnicas\/","og_locale":"es_ES","og_type":"article","og_title":"Directrices t\u00e9cnicas - Remain","og_description":"DIRECTRICES T\u00c9CNICAS VIEW PROJECT Aqu\u00ed para descargar Para que el conjunto de recursos de aprendizaje desarrollados en el Programa Formativo Trasnacional pueda utilizarse y optimizarse adecuadamente, es necesario que cuente con el apoyo de directrices t\u00e9cnicas para los educadores. Este documento tiene, por tanto, una funci\u00f3n de apoyo metodol\u00f3gico y funciona como un manual para ... Read More","og_url":"https:\/\/remainproject.eu\/es\/directrices-tecnicas\/","og_site_name":"Remain","article_modified_time":"2024-12-20T12:24:35+00:00","og_image":[{"url":"http:\/\/remainproject.eu\/wp-content\/uploads\/2024\/12\/PR3_technical-guidelines_es_compressed_page-0001-724x1024.jpg"}],"twitter_card":"summary_large_image","twitter_misc":{"Tiempo de lectura":"2 minutos"},"schema":{"@context":"https:\/\/schema.org","@graph":[{"@type":"WebPage","@id":"https:\/\/remainproject.eu\/es\/directrices-tecnicas\/","url":"https:\/\/remainproject.eu\/es\/directrices-tecnicas\/","name":"Directrices t\u00e9cnicas - Remain","isPartOf":{"@id":"https:\/\/remainproject.eu\/es\/#website"},"datePublished":"2024-10-15T08:13:30+00:00","dateModified":"2024-12-20T12:24:35+00:00","breadcrumb":{"@id":"https:\/\/remainproject.eu\/es\/directrices-tecnicas\/#breadcrumb"},"inLanguage":"es","potentialAction":[{"@type":"ReadAction","target":["https:\/\/remainproject.eu\/es\/directrices-tecnicas\/"]}]},{"@type":"BreadcrumbList","@id":"https:\/\/remainproject.eu\/es\/directrices-tecnicas\/#breadcrumb","itemListElement":[{"@type":"ListItem","position":1,"name":"Portada","item":"https:\/\/remainproject.eu\/es\/"},{"@type":"ListItem","position":2,"name":"Directrices t\u00e9cnicas"}]},{"@type":"WebSite","@id":"https:\/\/remainproject.eu\/es\/#website","url":"https:\/\/remainproject.eu\/es\/","name":"Remain","description":"Project","publisher":{"@id":"https:\/\/remainproject.eu\/es\/#organization"},"potentialAction":[{"@type":"SearchAction","target":{"@type":"EntryPoint","urlTemplate":"https:\/\/remainproject.eu\/es\/?s={search_term_string}"},"query-input":"required name=search_term_string"}],"inLanguage":"es"},{"@type":"Organization","@id":"https:\/\/remainproject.eu\/es\/#organization","name":"Remain","url":"https:\/\/remainproject.eu\/es\/","logo":{"@type":"ImageObject","inLanguage":"es","@id":"https:\/\/remainproject.eu\/es\/#\/schema\/logo\/image\/","url":"https:\/\/remainproject.eu\/wp-content\/uploads\/2022\/11\/cropped-logo.webp","contentUrl":"https:\/\/remainproject.eu\/wp-content\/uploads\/2022\/11\/cropped-logo.webp","width":460,"height":200,"caption":"Remain"},"image":{"@id":"https:\/\/remainproject.eu\/es\/#\/schema\/logo\/image\/"}}]}},"_links":{"self":[{"href":"https:\/\/remainproject.eu\/es\/wp-json\/wp\/v2\/pages\/4194","targetHints":{"allow":["GET"]}}],"collection":[{"href":"https:\/\/remainproject.eu\/es\/wp-json\/wp\/v2\/pages"}],"about":[{"href":"https:\/\/remainproject.eu\/es\/wp-json\/wp\/v2\/types\/page"}],"author":[{"embeddable":true,"href":"https:\/\/remainproject.eu\/es\/wp-json\/wp\/v2\/users\/1"}],"replies":[{"embeddable":true,"href":"https:\/\/remainproject.eu\/es\/wp-json\/wp\/v2\/comments?post=4194"}],"version-history":[{"count":23,"href":"https:\/\/remainproject.eu\/es\/wp-json\/wp\/v2\/pages\/4194\/revisions"}],"predecessor-version":[{"id":5141,"href":"https:\/\/remainproject.eu\/es\/wp-json\/wp\/v2\/pages\/4194\/revisions\/5141"}],"wp:attachment":[{"href":"https:\/\/remainproject.eu\/es\/wp-json\/wp\/v2\/media?parent=4194"}],"curies":[{"name":"wp","href":"https:\/\/api.w.org\/{rel}","templated":true}]}}